{"id":2,"date":"2016-05-10T03:48:21","date_gmt":"2016-05-10T03:48:21","guid":{"rendered":"http:\/\/guolin-neuqigong.de\/?page_id=2"},"modified":"2025-03-04T02:53:24","modified_gmt":"2025-03-04T02:53:24","slug":"sample-page","status":"publish","type":"page","link":"https:\/\/guolin-neuqigong.de\/","title":{"rendered":"Willkommen"},"content":{"rendered":"<h4><\/h4>\n<h1 style=\"text-align: center;\"><span style=\"font-size: 270%;\"><strong><span style=\"color: #18b223;\"><span style=\"font-family: lisu;\">\u90ed\u6797\u65b0\u6c14\u529f<\/span><\/span><\/strong><\/span><\/h1>\n<p><img decoding=\"async\" loading=\"lazy\" class=\"alignnone wp-image-651\" src=\"http:\/\/guolin-neuqigong.de\/wp-content\/uploads\/2020\/10\/20201027_110550-739x1024.jpg\" alt=\"\" width=\"382\" height=\"529\" srcset=\"https:\/\/guolin-neuqigong.de\/wp-content\/uploads\/2020\/10\/20201027_110550-739x1024.jpg 739w, https:\/\/guolin-neuqigong.de\/wp-content\/uploads\/2020\/10\/20201027_110550-217x300.jpg 217w, https:\/\/guolin-neuqigong.de\/wp-content\/uploads\/2020\/10\/20201027_110550-768x1064.jpg 768w\" sizes=\"(max-width: 382px) 100vw, 382px\" \/><\/p>\n<p>Das Buch &#8222;Guo Lin Neues Qigong&#8220; von Frau Wang Li beinhaltet alle \u00dcbungen der Basisstufe und einige aus der Mittelstufe. Die einzelnen Bewegungsabl\u00e4ufe werden detailliert in Word und Bild dargestellt und es wird erl\u00e4utert, wann welche Variationen ge\u00fcbt werden sollen. Das Buch ist geeignet f\u00fcr\u00a0 Krebspatienten, chronisch Kranke und gesunde Menschen.<\/p>\n<p style=\"text-align: left;\">204 Seiten \/ \u20ac25.00 (inkl. MwSt.\u00a0 zzgl. Versandkosten)\u00a0 \u00a0 \u00a0 \u00a0 \u00a0 \u00a0 \u00a0 \u00a0 \u00a0 \u00a0 ISBN: 9 783946 935186\u00a0 \u00a0 \u00a0 \u00a0 \u00a0 \u00a0 \u00a0 \u00a0 \u00a0 \u00a0 \u00a0 \u00a0 \u00a0 \u00a0 \u00a0 \u00a0 \u00a0 \u00a0 \u00a0 \u00a0 \u00a0 \u00a0 \u00a0 \u00a0 \u00a0 \u00a0 \u00a0 \u00a0 \u00a0 \u00a0 \u00a0 \u00a0 \u00a0 \u00a0 Bestellung unter: WL720@aol.com<\/p>\n<h1>25-j\u00e4hriges Jubil\u00e4um!<\/h1>\n<h1>Wir sagen DANKE!<\/h1>\n<p><img decoding=\"async\" loading=\"lazy\" class=\"alignnone size-large wp-image-48\" src=\"http:\/\/guolin-neuqigong.de\/wp-content\/uploads\/2017\/07\/ehrenurkunde-728x1024.gif\" alt=\"\" width=\"474\" height=\"667\" srcset=\"https:\/\/guolin-neuqigong.de\/wp-content\/uploads\/2017\/07\/ehrenurkunde-728x1024.gif 728w, https:\/\/guolin-neuqigong.de\/wp-content\/uploads\/2017\/07\/ehrenurkunde-213x300.gif 213w, https:\/\/guolin-neuqigong.de\/wp-content\/uploads\/2017\/07\/ehrenurkunde-768x1080.gif 768w\" sizes=\"(max-width: 474px) 100vw, 474px\" \/><\/p>\n<p><img decoding=\"async\" loading=\"lazy\" class=\"alignnone size-large wp-image-54\" src=\"http:\/\/guolin-neuqigong.de\/wp-content\/uploads\/2016\/05\/20161203_100217-1024x768.jpg\" alt=\"\" width=\"474\" height=\"356\" srcset=\"https:\/\/guolin-neuqigong.de\/wp-content\/uploads\/2016\/05\/20161203_100217-1024x768.jpg 1024w, https:\/\/guolin-neuqigong.de\/wp-content\/uploads\/2016\/05\/20161203_100217-300x225.jpg 300w, https:\/\/guolin-neuqigong.de\/wp-content\/uploads\/2016\/05\/20161203_100217-768x576.jpg 768w\" sizes=\"(max-width: 474px) 100vw, 474px\" \/><\/p>\n<p>Herzlich Willkommen auf unserer Homepage. Sie finden hier Information \u00fcber GUO LIN NEUES QIGONG.<\/p>\n<p>Nehmen Sie sich ein bisschen Zeit und klicken Sie durch unsere Homepage. Sie haben Anmerkungen oder eine Frage? Dann schicken Sie uns eine e-Mail an:WL720@aol.com<\/p>\n<p>Besuchen Sie auch unsere andere Website f\u00fcr Hui Chun Gong (Verj\u00fcngungs\u00fcbungen) unter <a class=\"STYLE22\" href=\"http:\/\/www.huichungong-europa.de\/\" target=\"_blank\" rel=\"noopener\">www.huichungong-europa.de<\/a><\/p>\n<p>Guo Lin Qigong &amp; TCM Akademie<\/p>\n","protected":false},"excerpt":{"rendered":"<p>\u90ed\u6797\u65b0\u6c14\u529f Das Buch &#8222;Guo Lin Neues Qigong&#8220; von Frau Wang Li beinhaltet alle \u00dcbungen der Basisstufe und einige aus der Mittelstufe. Die einzelnen Bewegungsabl\u00e4ufe werden detailliert in Word und Bild dargestellt und es wird erl\u00e4utert, wann welche Variationen ge\u00fcbt werden sollen. Das Buch ist geeignet f\u00fcr\u00a0 Krebspatienten, chronisch Kranke und gesunde Menschen. 204 Seiten \/ &hellip; <a href=\"https:\/\/guolin-neuqigong.de\/\" class=\"more-link\"><span class=\"screen-reader-text\">Willkommen<\/span> weiterlesen <span class=\"meta-nav\">&rarr;<\/span><\/a><\/p>\n","protected":false},"author":1,"featured_media":0,"parent":0,"menu_order":0,"comment_status":"closed","ping_status":"open","template":"","meta":[],"_links":{"self":[{"href":"https:\/\/guolin-neuqigong.de\/index.php?rest_route=\/wp\/v2\/pages\/2"}],"collection":[{"href":"https:\/\/guolin-neuqigong.de\/index.php?rest_route=\/wp\/v2\/pages"}],"about":[{"href":"https:\/\/guolin-neuqigong.de\/index.php?rest_route=\/wp\/v2\/types\/page"}],"author":[{"embeddable":true,"href":"https:\/\/guolin-neuqigong.de\/index.php?rest_route=\/wp\/v2\/users\/1"}],"replies":[{"embeddable":true,"href":"https:\/\/guolin-neuqigong.de\/index.php?rest_route=%2Fwp%2Fv2%2Fcomments&post=2"}],"version-history":[{"count":48,"href":"https:\/\/guolin-neuqigong.de\/index.php?rest_route=\/wp\/v2\/pages\/2\/revisions"}],"predecessor-version":[{"id":1021,"href":"https:\/\/guolin-neuqigong.de\/index.php?rest_route=\/wp\/v2\/pages\/2\/revisions\/1021"}],"wp:attachment":[{"href":"https:\/\/guolin-neuqigong.de\/index.php?rest_route=%2Fwp%2Fv2%2Fmedia&parent=2"}],"curies":[{"name":"wp","href":"https:\/\/api.w.org\/{rel}","templated":true}]}}