{"id":18,"date":"2017-07-28T14:08:48","date_gmt":"2017-07-28T14:08:48","guid":{"rendered":"http:\/\/guolin-neuqigong.de\/?page_id=18"},"modified":"2017-08-24T15:21:23","modified_gmt":"2017-08-24T15:21:23","slug":"galerie","status":"publish","type":"page","link":"https:\/\/guolin-neuqigong.de\/?page_id=18","title":{"rendered":"Galerie"},"content":{"rendered":"<p>Hier sehen Sie einige Bilder von Frau Wang Li mit ihren Sch\u00fclern w\u00e4hrend des Qigong-Unterrichts. Wenn Sie auf die kleinen Abbildungen klicken, k\u00f6nnen Sie das Bild im Gro\u00dfformat anschauen.<\/p>\n<div id='gallery-1' class='gallery galleryid-18 gallery-columns-3 gallery-size-thumbnail'><figure class='gallery-item'>\n\t\t\t<div class='gallery-icon landscape'>\n\t\t\t\t<a href='https:\/\/guolin-neuqigong.de\/?attachment_id=213'><img width=\"150\" height=\"150\" src=\"https:\/\/guolin-neuqigong.de\/wp-content\/uploads\/2017\/08\/25-150x150.jpg\" class=\"attachment-thumbnail size-thumbnail\" alt=\"\" decoding=\"async\" loading=\"lazy\" \/><\/a>\n\t\t\t<\/div><\/figure><figure class='gallery-item'>\n\t\t\t<div class='gallery-icon landscape'>\n\t\t\t\t<a href='https:\/\/guolin-neuqigong.de\/?attachment_id=212'><img width=\"150\" height=\"150\" src=\"https:\/\/guolin-neuqigong.de\/wp-content\/uploads\/2017\/08\/24-150x150.jpg\" class=\"attachment-thumbnail size-thumbnail\" alt=\"\" decoding=\"async\" loading=\"lazy\" \/><\/a>\n\t\t\t<\/div><\/figure><figure class='gallery-item'>\n\t\t\t<div class='gallery-icon landscape'>\n\t\t\t\t<a href='https:\/\/guolin-neuqigong.de\/?attachment_id=211'><img width=\"150\" height=\"150\" src=\"https:\/\/guolin-neuqigong.de\/wp-content\/uploads\/2017\/08\/23-150x150.jpg\" class=\"attachment-thumbnail size-thumbnail\" alt=\"\" decoding=\"async\" loading=\"lazy\" \/><\/a>\n\t\t\t<\/div><\/figure><figure class='gallery-item'>\n\t\t\t<div class='gallery-icon landscape'>\n\t\t\t\t<a href='https:\/\/guolin-neuqigong.de\/?attachment_id=209'><img width=\"150\" height=\"150\" src=\"https:\/\/guolin-neuqigong.de\/wp-content\/uploads\/2017\/08\/21-150x150.jpg\" class=\"attachment-thumbnail size-thumbnail\" alt=\"\" decoding=\"async\" loading=\"lazy\" \/><\/a>\n\t\t\t<\/div><\/figure><figure class='gallery-item'>\n\t\t\t<div class='gallery-icon landscape'>\n\t\t\t\t<a href='https:\/\/guolin-neuqigong.de\/?attachment_id=208'><img width=\"150\" height=\"150\" src=\"https:\/\/guolin-neuqigong.de\/wp-content\/uploads\/2017\/08\/20-150x150.jpg\" class=\"attachment-thumbnail size-thumbnail\" alt=\"\" decoding=\"async\" loading=\"lazy\" \/><\/a>\n\t\t\t<\/div><\/figure><figure class='gallery-item'>\n\t\t\t<div class='gallery-icon landscape'>\n\t\t\t\t<a href='https:\/\/guolin-neuqigong.de\/?attachment_id=207'><img width=\"150\" height=\"150\" src=\"https:\/\/guolin-neuqigong.de\/wp-content\/uploads\/2017\/08\/19-150x150.jpg\" class=\"attachment-thumbnail size-thumbnail\" alt=\"\" decoding=\"async\" loading=\"lazy\" \/><\/a>\n\t\t\t<\/div><\/figure><figure class='gallery-item'>\n\t\t\t<div class='gallery-icon landscape'>\n\t\t\t\t<a href='https:\/\/guolin-neuqigong.de\/?attachment_id=206'><img width=\"150\" height=\"150\" src=\"https:\/\/guolin-neuqigong.de\/wp-content\/uploads\/2017\/08\/18-150x150.jpg\" class=\"attachment-thumbnail size-thumbnail\" alt=\"\" decoding=\"async\" loading=\"lazy\" \/><\/a>\n\t\t\t<\/div><\/figure><figure class='gallery-item'>\n\t\t\t<div class='gallery-icon landscape'>\n\t\t\t\t<a href='https:\/\/guolin-neuqigong.de\/?attachment_id=205'><img width=\"150\" height=\"150\" src=\"https:\/\/guolin-neuqigong.de\/wp-content\/uploads\/2017\/08\/17-150x150.jpg\" class=\"attachment-thumbnail size-thumbnail\" alt=\"\" decoding=\"async\" loading=\"lazy\" \/><\/a>\n\t\t\t<\/div><\/figure><figure class='gallery-item'>\n\t\t\t<div class='gallery-icon landscape'>\n\t\t\t\t<a href='https:\/\/guolin-neuqigong.de\/?attachment_id=204'><img width=\"150\" height=\"150\" src=\"https:\/\/guolin-neuqigong.de\/wp-content\/uploads\/2017\/08\/16-150x150.jpg\" class=\"attachment-thumbnail size-thumbnail\" alt=\"\" decoding=\"async\" loading=\"lazy\" \/><\/a>\n\t\t\t<\/div><\/figure><figure class='gallery-item'>\n\t\t\t<div class='gallery-icon landscape'>\n\t\t\t\t<a href='https:\/\/guolin-neuqigong.de\/?attachment_id=203'><img width=\"150\" height=\"150\" src=\"https:\/\/guolin-neuqigong.de\/wp-content\/uploads\/2017\/08\/15-150x150.jpg\" class=\"attachment-thumbnail size-thumbnail\" alt=\"\" decoding=\"async\" loading=\"lazy\" \/><\/a>\n\t\t\t<\/div><\/figure><figure class='gallery-item'>\n\t\t\t<div class='gallery-icon landscape'>\n\t\t\t\t<a href='https:\/\/guolin-neuqigong.de\/?attachment_id=200'><img width=\"150\" height=\"150\" src=\"https:\/\/guolin-neuqigong.de\/wp-content\/uploads\/2017\/08\/12-150x150.jpg\" class=\"attachment-thumbnail size-thumbnail\" alt=\"\" decoding=\"async\" loading=\"lazy\" \/><\/a>\n\t\t\t<\/div><\/figure><figure class='gallery-item'>\n\t\t\t<div class='gallery-icon landscape'>\n\t\t\t\t<a href='https:\/\/guolin-neuqigong.de\/?attachment_id=198'><img width=\"150\" height=\"150\" src=\"https:\/\/guolin-neuqigong.de\/wp-content\/uploads\/2017\/08\/10-150x150.jpg\" class=\"attachment-thumbnail size-thumbnail\" alt=\"\" decoding=\"async\" loading=\"lazy\" \/><\/a>\n\t\t\t<\/div><\/figure><figure class='gallery-item'>\n\t\t\t<div class='gallery-icon landscape'>\n\t\t\t\t<a href='https:\/\/guolin-neuqigong.de\/?attachment_id=196'><img width=\"150\" height=\"150\" src=\"https:\/\/guolin-neuqigong.de\/wp-content\/uploads\/2017\/08\/8-150x150.jpg\" class=\"attachment-thumbnail size-thumbnail\" alt=\"\" decoding=\"async\" loading=\"lazy\" \/><\/a>\n\t\t\t<\/div><\/figure><figure class='gallery-item'>\n\t\t\t<div class='gallery-icon landscape'>\n\t\t\t\t<a href='https:\/\/guolin-neuqigong.de\/?attachment_id=195'><img width=\"150\" height=\"150\" src=\"https:\/\/guolin-neuqigong.de\/wp-content\/uploads\/2017\/08\/7-150x150.jpg\" class=\"attachment-thumbnail size-thumbnail\" alt=\"\" decoding=\"async\" loading=\"lazy\" \/><\/a>\n\t\t\t<\/div><\/figure><figure class='gallery-item'>\n\t\t\t<div class='gallery-icon landscape'>\n\t\t\t\t<a href='https:\/\/guolin-neuqigong.de\/?attachment_id=194'><img width=\"150\" height=\"150\" src=\"https:\/\/guolin-neuqigong.de\/wp-content\/uploads\/2017\/08\/6-150x150.jpg\" class=\"attachment-thumbnail size-thumbnail\" alt=\"\" decoding=\"async\" loading=\"lazy\" \/><\/a>\n\t\t\t<\/div><\/figure><figure class='gallery-item'>\n\t\t\t<div class='gallery-icon landscape'>\n\t\t\t\t<a href='https:\/\/guolin-neuqigong.de\/?attachment_id=192'><img width=\"150\" height=\"150\" src=\"https:\/\/guolin-neuqigong.de\/wp-content\/uploads\/2017\/08\/4-150x150.jpg\" class=\"attachment-thumbnail size-thumbnail\" alt=\"\" decoding=\"async\" loading=\"lazy\" \/><\/a>\n\t\t\t<\/div><\/figure><figure class='gallery-item'>\n\t\t\t<div class='gallery-icon landscape'>\n\t\t\t\t<a href='https:\/\/guolin-neuqigong.de\/?attachment_id=193'><img width=\"150\" height=\"150\" src=\"https:\/\/guolin-neuqigong.de\/wp-content\/uploads\/2017\/08\/5-150x150.jpg\" class=\"attachment-thumbnail size-thumbnail\" alt=\"\" decoding=\"async\" loading=\"lazy\" \/><\/a>\n\t\t\t<\/div><\/figure><figure class='gallery-item'>\n\t\t\t<div class='gallery-icon landscape'>\n\t\t\t\t<a href='https:\/\/guolin-neuqigong.de\/?attachment_id=191'><img width=\"150\" height=\"150\" src=\"https:\/\/guolin-neuqigong.de\/wp-content\/uploads\/2017\/08\/3-150x150.jpg\" class=\"attachment-thumbnail size-thumbnail\" alt=\"\" decoding=\"async\" loading=\"lazy\" \/><\/a>\n\t\t\t<\/div><\/figure><figure class='gallery-item'>\n\t\t\t<div class='gallery-icon landscape'>\n\t\t\t\t<a href='https:\/\/guolin-neuqigong.de\/?attachment_id=190'><img width=\"150\" height=\"150\" src=\"https:\/\/guolin-neuqigong.de\/wp-content\/uploads\/2017\/08\/2-150x150.jpg\" class=\"attachment-thumbnail size-thumbnail\" alt=\"\" decoding=\"async\" loading=\"lazy\" \/><\/a>\n\t\t\t<\/div><\/figure><figure class='gallery-item'>\n\t\t\t<div class='gallery-icon landscape'>\n\t\t\t\t<a href='https:\/\/guolin-neuqigong.de\/?attachment_id=189'><img width=\"150\" height=\"150\" src=\"https:\/\/guolin-neuqigong.de\/wp-content\/uploads\/2017\/08\/1-150x150.jpg\" class=\"attachment-thumbnail size-thumbnail\" alt=\"\" decoding=\"async\" loading=\"lazy\" \/><\/a>\n\t\t\t<\/div><\/figure><figure class='gallery-item'>\n\t\t\t<div class='gallery-icon landscape'>\n\t\t\t\t<a href='https:\/\/guolin-neuqigong.de\/?attachment_id=174'><img width=\"150\" height=\"150\" src=\"https:\/\/guolin-neuqigong.de\/wp-content\/uploads\/2017\/08\/workshop-150x150.jpg\" class=\"attachment-thumbnail size-thumbnail\" alt=\"\" decoding=\"async\" loading=\"lazy\" \/><\/a>\n\t\t\t<\/div><\/figure><figure class='gallery-item'>\n\t\t\t<div class='gallery-icon landscape'>\n\t\t\t\t<a href='https:\/\/guolin-neuqigong.de\/?attachment_id=197'><img width=\"150\" height=\"150\" src=\"https:\/\/guolin-neuqigong.de\/wp-content\/uploads\/2017\/08\/9-150x150.jpg\" class=\"attachment-thumbnail size-thumbnail\" alt=\"\" decoding=\"async\" loading=\"lazy\" \/><\/a>\n\t\t\t<\/div><\/figure><figure class='gallery-item'>\n\t\t\t<div class='gallery-icon landscape'>\n\t\t\t\t<a href='https:\/\/guolin-neuqigong.de\/?attachment_id=228'><img width=\"150\" height=\"150\" src=\"https:\/\/guolin-neuqigong.de\/wp-content\/uploads\/2017\/08\/cropped-20170818_1035461-150x150.jpg\" class=\"attachment-thumbnail size-thumbnail\" alt=\"\" decoding=\"async\" loading=\"lazy\" \/><\/a>\n\t\t\t<\/div><\/figure><figure class='gallery-item'>\n\t\t\t<div class='gallery-icon landscape'>\n\t\t\t\t<a href='https:\/\/guolin-neuqigong.de\/?attachment_id=233'><img width=\"150\" height=\"150\" src=\"https:\/\/guolin-neuqigong.de\/wp-content\/uploads\/2017\/07\/20150515_110745-150x150.jpg\" class=\"attachment-thumbnail size-thumbnail\" alt=\"\" decoding=\"async\" loading=\"lazy\" \/><\/a>\n\t\t\t<\/div><\/figure>\n\t\t<\/div>\n\n<h2><\/h2>\n","protected":false},"excerpt":{"rendered":"<p>Hier sehen Sie einige Bilder von Frau Wang Li mit ihren Sch\u00fclern w\u00e4hrend des Qigong-Unterrichts. Wenn Sie auf die kleinen Abbildungen klicken, k\u00f6nnen Sie das Bild im Gro\u00dfformat anschauen.<\/p>\n","protected":false},"author":1,"featured_media":0,"parent":0,"menu_order":0,"comment_status":"closed","ping_status":"closed","template":"page-templates\/full-width.php","meta":[],"_links":{"self":[{"href":"https:\/\/guolin-neuqigong.de\/index.php?rest_route=\/wp\/v2\/pages\/18"}],"collection":[{"href":"https:\/\/guolin-neuqigong.de\/index.php?rest_route=\/wp\/v2\/pages"}],"about":[{"href":"https:\/\/guolin-neuqigong.de\/index.php?rest_route=\/wp\/v2\/types\/page"}],"author":[{"embeddable":true,"href":"https:\/\/guolin-neuqigong.de\/index.php?rest_route=\/wp\/v2\/users\/1"}],"replies":[{"embeddable":true,"href":"https:\/\/guolin-neuqigong.de\/index.php?rest_route=%2Fwp%2Fv2%2Fcomments&post=18"}],"version-history":[{"count":6,"href":"https:\/\/guolin-neuqigong.de\/index.php?rest_route=\/wp\/v2\/pages\/18\/revisions"}],"predecessor-version":[{"id":234,"href":"https:\/\/guolin-neuqigong.de\/index.php?rest_route=\/wp\/v2\/pages\/18\/revisions\/234"}],"wp:attachment":[{"href":"https:\/\/guolin-neuqigong.de\/index.php?rest_route=%2Fwp%2Fv2%2Fmedia&parent=18"}],"curies":[{"name":"wp","href":"https:\/\/api.w.org\/{rel}","templated":true}]}}