{"id":12,"date":"2017-07-28T14:08:56","date_gmt":"2017-07-28T14:08:56","guid":{"rendered":"http:\/\/guolin-neuqigong.de\/?page_id=12"},"modified":"2021-07-03T16:01:40","modified_gmt":"2021-07-03T16:01:40","slug":"guo-lin-qigong","status":"publish","type":"page","link":"https:\/\/guolin-neuqigong.de\/?page_id=12","title":{"rendered":"Guo Lin Neues Qigong"},"content":{"rendered":"<h6>Ein Selbsthilfe-Weg f\u00fcr Krebs- und chronisch Kranke neben der Schulmedizin<\/h6>\n<p><img decoding=\"async\" loading=\"lazy\" class=\"alignnone wp-image-82\" src=\"http:\/\/guolin-neuqigong.de\/wp-content\/uploads\/2017\/07\/002-1024x768.jpg\" alt=\"\" width=\"453\" height=\"341\" srcset=\"https:\/\/guolin-neuqigong.de\/wp-content\/uploads\/2017\/07\/002.jpg 1024w, https:\/\/guolin-neuqigong.de\/wp-content\/uploads\/2017\/07\/002-300x225.jpg 300w, https:\/\/guolin-neuqigong.de\/wp-content\/uploads\/2017\/07\/002-768x576.jpg 768w\" sizes=\"(max-width: 453px) 100vw, 453px\" \/><\/p>\n<p style=\"text-align: left;\">Qigong ist eine traditionelle, ganzheitlich orientierte Methode zur Gesunderhaltung, Rehabilitation und Harmonisierung des ganzen Menschen. Qigong ist Bestandteil der chinesischen Medizin. Leicht zu erlernende Atem-, Bewegungs- und Entspannungs\u00fcbungen und Meditation machen aufmerksam auf die eigene K\u00f6rperhaltung, sie l\u00f6sen Verspannungen unterst\u00fctzen die Selbstheilungskr\u00e4fte des K\u00f6rpers, aktivieren die Lebensenergie und verhelfen so zu mehr k\u00f6rperlichem und seelischem Gleichgewicht.<\/p>\n<p>Das Erreichen von innerer Ruhe und Gesundheit aus eigener Kraft ist hierbei das Ziel und ist ein Weg zur St\u00e4rkung der eigenen Lebenskraft Qi. In China gibt es verschiedene Qigong-Schulen, z.B. hedonistic, buddhistische, konfuzianistische, medizinisch-volkst\u00fcmliche u.s.w.. Am fr\u00fchen Morgen kann man \u00fcberall in den St\u00e4dten Chinas sehen, dass die Menschen auf stillen Pl\u00e4tzen oder in Parks zeitlupenartige Bewegungen ausf\u00fchren. Sie \u00fcben Qigong, Taiji Quan (auch bekannt als Schattenboxen) u.s.w..<\/p>\n<p>Seit 1971 sieht man insbesondere in den Parks von Peking, dass Menschengruppen, die oft chronisch krank oder krebsleidend sind, unter Anleitung mit ganz bestimmten K\u00f6rperbewegungen befasst sind. Sie \u00fcben Guo Lin Neues Qigong. Die Bewegungen sind langsam, weich und rund. Die Initiatorin dieser Art von Qigong war Frau Guo Lin. Sie war vor mehr als 50 Jahren selbst an einem metastasierendem Uteruskarzinom erkrankt und wurde sechsmal operiert. Sie befand sich danach trotz allem in einem hoffnungslosen Zustand. Sie besann sich darauf, dass sie als Kind von ihrem Gro\u00dfvater, der Daoist war, Qigong gelernt hatte, und begann mit Qigong-\u00dcbungen.<\/p>\n<p style=\"text-align: left;\">Sie w\u00e4hlte aus daoistischen und buddhistischen Kl\u00f6stern stammende \u00dcbungen aus und wandelte sie so ab, dass sie besonders gegen Krebs eingesetzt werden konnten. Frau Guo Lin nutzte f\u00fcr verschiedene Krankheiten bestimmte Bewegungs- und Atemmethoden. Durch die von ihr als &#8222;Neues Qigong&#8220; bezeichnete Methode wurde Frau Guo Lin selbst wieder gesund.<\/p>\n<p>Nach ihrer Genesung begann sie Anfang der 70er Jahre in den Parks von Peking &#8222;Neues Qigong&#8220; zu lehren. Alle, die Guo Lin Neues Qigong erlernt haben, best\u00e4tigen, dass sie einen gro\u00dfen positiven Einfluss sp\u00fcren. Die objektiven Befunde beweisen, dass der Einfluss auch sichtbar und messbar ist. Frau Guo Lin sammelte Krebskranke um sich und \u00fcbte mit ihnen, der Erfolg war \u00fcberraschend. Im Jahr 1977 hat Frau Guo Lin dem Gesundheitsamt Chinas berichtet und erkl\u00e4rt, dass &#8222;Neues Qigong&#8220; neben der chinesischen Medizin und Schulmedizin gegen chronische Krankheiten und Krebs eingesetzt werden kann. Von da an hat sie viele Kurse f\u00fcr Krebskranke organisiert.<\/p>\n<p>Bis heute sind viele &#8222;Guo Lin&#8220;-Vereine in ganz China gegr\u00fcndet worden. Dort kann man &#8222;Guo Lin Neues Qigong&#8220; erlernen und seine Erfahrungen austauschen. Seit 40 Jahren wird Guo Lin Neues Qigong in China, daneben aber auch in Kanada, den USA, Deutschland, Japan, Singapur, Australien, Malaysia u.a., im Kampf gegen Krebs und chronische Krankheiten (wie z. B. Lungen-, Leber-, Darm-, Magen-, Brust- und Blutkrebs, Diabetes, Leber-, Nierenentz\u00fcndung sowie Lupus erythematosus) neben der chinesischen und der Schulmedizin erfolgreich eingesetzt.<\/p>\n<p>Anfang 1979 lernte ich als Patientin bei Frau Guo Lin &#8222;Neues Qigong&#8220;. Nach gut zwei Monaten bin ich wieder gesund geworden. Von da an habe ich weiter Guo Lin Neues Qigong gelernt und bin Sch\u00fclerin von Frau Guo Lin geworden. Ich empfehle Guo Lin Neues Qigong f\u00fcr Krebskranke und chronisch Kranke. Ich interessiere mich daf\u00fcr, gemeinsam mit \u00c4rzten, Heilpraktikern, Krebs-Kurorten, Krebs-Vereinen, Rehabilitationskliniken u.s.w., Guo Lin Neues Qigong Kurse durchzuf\u00fchren und die Ergebnisse auszuwerten. Sie &#8211; meine Partner &#8211; k\u00f6nnen einerseits erforschen, welche Rolle traditionelles chinesisches Qigong spielt, und haben andererseits die M\u00f6glichkeit, Ihren Patienten einen alternativen Weg neben den schulmedizinischen Methoden aufzuzeigen.<\/p>\n","protected":false},"excerpt":{"rendered":"<p>Ein Selbsthilfe-Weg f\u00fcr Krebs- und chronisch Kranke neben der Schulmedizin Qigong ist eine traditionelle, ganzheitlich orientierte Methode zur Gesunderhaltung, Rehabilitation und Harmonisierung des ganzen Menschen. Qigong ist Bestandteil der chinesischen Medizin. Leicht zu erlernende Atem-, Bewegungs- und Entspannungs\u00fcbungen und Meditation machen aufmerksam auf die eigene K\u00f6rperhaltung, sie l\u00f6sen Verspannungen unterst\u00fctzen die Selbstheilungskr\u00e4fte des K\u00f6rpers, aktivieren &hellip; <a href=\"https:\/\/guolin-neuqigong.de\/?page_id=12\" class=\"more-link\"><span class=\"screen-reader-text\">Guo Lin Neues Qigong<\/span> weiterlesen <span class=\"meta-nav\">&rarr;<\/span><\/a><\/p>\n","protected":false},"author":1,"featured_media":0,"parent":0,"menu_order":0,"comment_status":"closed","ping_status":"closed","template":"","meta":[],"_links":{"self":[{"href":"https:\/\/guolin-neuqigong.de\/index.php?rest_route=\/wp\/v2\/pages\/12"}],"collection":[{"href":"https:\/\/guolin-neuqigong.de\/index.php?rest_route=\/wp\/v2\/pages"}],"about":[{"href":"https:\/\/guolin-neuqigong.de\/index.php?rest_route=\/wp\/v2\/types\/page"}],"author":[{"embeddable":true,"href":"https:\/\/guolin-neuqigong.de\/index.php?rest_route=\/wp\/v2\/users\/1"}],"replies":[{"embeddable":true,"href":"https:\/\/guolin-neuqigong.de\/index.php?rest_route=%2Fwp%2Fv2%2Fcomments&post=12"}],"version-history":[{"count":9,"href":"https:\/\/guolin-neuqigong.de\/index.php?rest_route=\/wp\/v2\/pages\/12\/revisions"}],"predecessor-version":[{"id":774,"href":"https:\/\/guolin-neuqigong.de\/index.php?rest_route=\/wp\/v2\/pages\/12\/revisions\/774"}],"wp:attachment":[{"href":"https:\/\/guolin-neuqigong.de\/index.php?rest_route=%2Fwp%2Fv2%2Fmedia&parent=12"}],"curies":[{"name":"wp","href":"https:\/\/api.w.org\/{rel}","templated":true}]}}